{"id":684,"date":"2024-08-08T23:31:42","date_gmt":"2024-08-08T23:31:42","guid":{"rendered":"https:\/\/palettedesign.biz\/?page_id=684"},"modified":"2024-11-01T18:54:42","modified_gmt":"2024-11-01T18:54:42","slug":"privacy-policy","status":"publish","type":"page","link":"https:\/\/palettedesign.biz\/fr\/politique-de-confidentialite\/","title":{"rendered":"Politique de confidentialit\u00e9"},"content":{"rendered":"<div data-elementor-type=\"wp-page\" data-elementor-id=\"684\" class=\"elementor elementor-684\" data-elementor-post-type=\"page\">\n\t\t\t\t\t\t<section class=\"elementor-section elementor-top-section elementor-element elementor-element-2ef01f7a elementor-section-boxed elementor-section-height-default elementor-section-height-default\" data-id=\"2ef01f7a\" data-element_type=\"section\" data-settings=\"{&quot;background_background&quot;:&quot;classic&quot;}\">\n\t\t\t\t\t\t<div class=\"elementor-container elementor-column-gap-no\">\n\t\t\t\t\t<div class=\"elementor-column elementor-col-50 elementor-top-column elementor-element elementor-element-3d2f1f50\" data-id=\"3d2f1f50\" data-element_type=\"column\" data-settings=\"{&quot;background_background&quot;:&quot;classic&quot;}\">\n\t\t\t<div class=\"elementor-widget-wrap elementor-element-populated\">\n\t\t\t\t\t\t<div class=\"elementor-element elementor-element-47ed55c0 elementor-widget elementor-widget-heading\" data-id=\"47ed55c0\" data-element_type=\"widget\" data-widget_type=\"heading.default\">\n\t\t\t\t<div class=\"elementor-widget-container\">\n\t\t\t\t\t<h1 class=\"elementor-heading-title elementor-size-default\">Politique de confidentialit\u00e9<\/h1>\t\t\t\t<\/div>\n\t\t\t\t<\/div>\n\t\t\t\t\t<\/div>\n\t\t<\/div>\n\t\t\t\t<div class=\"elementor-column elementor-col-50 elementor-top-column elementor-element elementor-element-3c0822d6\" data-id=\"3c0822d6\" data-element_type=\"column\">\n\t\t\t<div class=\"elementor-widget-wrap\">\n\t\t\t\t\t\t\t<\/div>\n\t\t<\/div>\n\t\t\t\t\t<\/div>\n\t\t<\/section>\n\t\t\t\t<section class=\"elementor-section elementor-top-section elementor-element elementor-element-bc3210b elementor-section-boxed elementor-section-height-default elementor-section-height-default\" data-id=\"bc3210b\" data-element_type=\"section\">\n\t\t\t\t\t\t<div class=\"elementor-container elementor-column-gap-default\">\n\t\t\t\t\t<div class=\"elementor-column elementor-col-100 elementor-top-column elementor-element elementor-element-61b156c\" data-id=\"61b156c\" data-element_type=\"column\">\n\t\t\t<div class=\"elementor-widget-wrap elementor-element-populated\">\n\t\t\t\t\t\t<div class=\"elementor-element elementor-element-828b4de elementor-widget elementor-widget-text-editor\" data-id=\"828b4de\" data-element_type=\"widget\" data-widget_type=\"text-editor.default\">\n\t\t\t\t<div class=\"elementor-widget-container\">\n\t\t\t\t\t\t\t\t\t<p>Derni\u00e8re mise \u00e0 jour : 08 ao\u00fbt<sup>th<\/sup>, 2024<\/p><p>Chez Palette Design, nous nous engageons \u00e0 prot\u00e9ger la confidentialit\u00e9 et la s\u00e9curit\u00e9 des informations personnelles de nos utilisateurs. Cette politique de confidentialit\u00e9 d\u00e9crit comment nous recueillons, utilisons, divulguons et prot\u00e9geons les informations que nous obtenons via notre site Web.<\/p><p>En utilisant nos services ou en visitant notre site Web, vous acceptez les termes de cette politique de confidentialit\u00e9. Si vous n'acceptez pas l'une de ces conditions, nous vous demandons de ne pas utiliser nos services ou de ne pas fournir d'informations personnelles.<\/p><p><span style=\"color: #ff2150;\"><strong>Informations que nous recueillons<\/strong><\/span><\/p><p>Nous recueillons diff\u00e9rents types de renseignements personnels par l'entremise de notre site Web, notamment :<\/p><p>- Coordonn\u00e9es, telles que le nom, l'adresse e-mail et le num\u00e9ro de t\u00e9l\u00e9phone.<\/p><p>- Informations d\u00e9mographiques, telles que l'\u00e2ge, le sexe et l'emplacement.<\/p><p>- Informations de paiement, telles que le num\u00e9ro de carte de cr\u00e9dit et les d\u00e9tails de facturation (pour les transactions uniquement).<\/p><p>- Informations d'utilisation du site Web, telles que les pages visit\u00e9es, les liens suivis et les pr\u00e9f\u00e9rences de navigation.<\/p><p><span style=\"color: #ff2150;\"><strong>Utilisation de l'information<\/strong><\/span><\/p><p>Nous utilisons les informations collect\u00e9es aux fins suivantes :<\/p><p>- Fournir et am\u00e9liorer nos services.<\/p><p>- Traiter les transactions et les paiements.<\/p><p>- Communiquez avec vous au sujet de nos services et de nos offres.<\/p><p>- Personnalisez l'exp\u00e9rience de votre site Web.<\/p><p>- Analyser l'utilisation et les performances du site Web.<\/p><p>- Se conformer aux exigences l\u00e9gales et r\u00e9glementaires<\/p><p><span style=\"color: #ff2150;\"><strong>Divulgation de l'information<\/strong><\/span><\/p><p>Nous ne vendons pas, ne louons pas et ne partageons pas vos informations personnelles avec des tiers, sauf dans les circonstances suivantes :<\/p><p>- Avec des fournisseurs de services qui nous aident \u00e0 exploiter notre entreprise, sous r\u00e9serve d'accords de confidentialit\u00e9.<\/p><p>- Si n\u00e9cessaire pour se conformer \u00e0 une loi, un r\u00e8glement ou une proc\u00e9dure judiciaire.<\/p><p>- En cas de vente, de fusion ou de changement de contr\u00f4le de la soci\u00e9t\u00e9.<\/p><p>- Avec votre consentement ou \u00e0 votre demande.<\/p><p><span style=\"color: #ff2150;\"><strong>Cookies et technologies similaires<\/strong><\/span><\/p><p>Nous utilisons des cookies et des technologies similaires pour am\u00e9liorer votre exp\u00e9rience sur notre site Web. Les cookies sont de petits fichiers texte qui sont stock\u00e9s sur votre appareil lorsque vous visitez notre site.<\/p><p>Nous utilisons des cookies pour :<\/p><p>-M\u00e9moriser vos pr\u00e9f\u00e9rences et param\u00e8tres.<\/p><p>- Analyser l'utilisation et les performances du site Web.<\/p><p>- Analyser l'utilisation et les performances du site Web.<\/p><p>- Afficher de la publicit\u00e9 pertinente.<\/p><p><span style=\"color: #ff2150;\"><strong>S\u00e9curit\u00e9<\/strong><\/span><\/p><p>Nous mettons en \u0153uvre des mesures de s\u00e9curit\u00e9 raisonnables pour prot\u00e9ger les renseignements personnels contre l'acc\u00e8s, l'utilisation, la modification et la divulgation non autoris\u00e9s. Cependant, aucune m\u00e9thode de transmission sur Internet ou m\u00e9thode de stockage \u00e9lectronique n'est s\u00e9curis\u00e9e \u00e0 100%. Par cons\u00e9quent, nous ne pouvons pas garantir votre s\u00e9curit\u00e9 absolue.<\/p><p><span style=\"color: #ff2150;\"><strong>Droits de l'utilisateur<\/strong><\/span><\/p><p>Conform\u00e9ment aux lois applicables en mati\u00e8re de protection de la vie priv\u00e9e au Canada, vous avez le droit de :<\/p><p>- Acc\u00e9dez \u00e0 vos informations personnelles et demandez-en une copie.<\/p><p>- Corriger ou mettre \u00e0 jour vos informations personnelles<\/p><p>- S'opposer au traitement de vos informations personnelles.<\/p><p>&#8211; Object to the processing of your personal information.<\/p><p>- Retirez votre consentement au traitement de vos informations personnelles.<\/p><p>Pour exercer ces droits, veuillez nous contacter en utilisant les coordonn\u00e9es fournies \u00e0 la fin de cette politique.<\/p><p><span style=\"color: #ff2150;\"><strong>Mineurs<\/strong><\/span><\/p><p>Nos services ne s'adressent pas aux mineurs. Nous ne recueillons pas sciemment d'informations personnelles aupr\u00e8s d'enfants de moins de 18 ans. Si vous d\u00e9couvrez qu'un enfant de moins de 18 ans nous a fourni des informations personnelles, veuillez nous contacter imm\u00e9diatement afin que nous puissions supprimer ces informations.<\/p><p><span style=\"color: #ff2150;\"><strong>Modifications apport\u00e9es \u00e0 la politique de confidentialit\u00e9<\/strong><\/span><\/p><p>Nous nous r\u00e9servons le droit de modifier cette politique de confidentialit\u00e9 \u00e0 tout moment. Toute modification entrera en vigueur lorsque nous publierons la politique r\u00e9vis\u00e9e sur notre site Web. Nous vous encourageons \u00e0 consulter p\u00e9riodiquement cette politique pour \u00eatre inform\u00e9 de la fa\u00e7on dont nous prot\u00e9geons vos informations.<\/p><p><span style=\"color: #ff2150;\"><strong>Ressources Personnelles<\/strong><\/span><\/p><p>Si vous avez des questions ou des pr\u00e9occupations concernant notre politique de confidentialit\u00e9 ou la fa\u00e7on dont nous traitons vos informations personnelles, veuillez nous contacter.<\/p><p><span style=\"color: #ff2150;\"><strong>Palette Design <\/strong><\/span><\/p><p>Courriel : <a href=\"mailto:info@palettedesign.biz\">info@palettedesign.biz<\/a><\/p><p>Adresse : 1020, rue Bouvier, bureau 400, Qu\u00e9bec, G2K 0K9 1020, rue Bouvier, bureau 400, Qu\u00e9bec, G2K 0K9<\/p><p><button id=\"sendDataButton\" style=\"display: none; visibility: hidden;\">Send Data<\/button><button id=\"sendDataButton\" style=\"display: none; visibility: hidden;\">Send Data<\/button><\/p>\t\t\t\t\t\t\t\t<\/div>\n\t\t\t\t<\/div>\n\t\t\t\t\t<\/div>\n\t\t<\/div>\n\t\t\t\t\t<\/div>\n\t\t<\/section>\n\t\t\t\t<\/div>","protected":false},"excerpt":{"rendered":"<p>Privacy Policy Last updated: August 08th, 2024 At Palette Design, we are committed to protecting the privacy and security of our users&#8217; personal information. This Privacy Policy describes how we collect, use, disclose, and protect the information we obtain through our website. By using our services or visiting our website, you agree to the terms [&hellip;]<\/p>","protected":false},"author":2,"featured_media":0,"parent":0,"menu_order":0,"comment_status":"closed","ping_status":"closed","template":"elementor_header_footer","meta":{"footnotes":""},"class_list":["post-684","page","type-page","status-publish","hentry"],"_links":{"self":[{"href":"https:\/\/palettedesign.biz\/fr\/wp-json\/wp\/v2\/pages\/684","targetHints":{"allow":["GET"]}}],"collection":[{"href":"https:\/\/palettedesign.biz\/fr\/wp-json\/wp\/v2\/pages"}],"about":[{"href":"https:\/\/palettedesign.biz\/fr\/wp-json\/wp\/v2\/types\/page"}],"author":[{"embeddable":true,"href":"https:\/\/palettedesign.biz\/fr\/wp-json\/wp\/v2\/users\/2"}],"replies":[{"embeddable":true,"href":"https:\/\/palettedesign.biz\/fr\/wp-json\/wp\/v2\/comments?post=684"}],"version-history":[{"count":24,"href":"https:\/\/palettedesign.biz\/fr\/wp-json\/wp\/v2\/pages\/684\/revisions"}],"predecessor-version":[{"id":1519,"href":"https:\/\/palettedesign.biz\/fr\/wp-json\/wp\/v2\/pages\/684\/revisions\/1519"}],"wp:attachment":[{"href":"https:\/\/palettedesign.biz\/fr\/wp-json\/wp\/v2\/media?parent=684"}],"curies":[{"name":"wp","href":"https:\/\/api.w.org\/{rel}","templated":true}]}}